{"id":1015,"date":"2022-03-28T15:57:20","date_gmt":"2022-03-28T15:57:20","guid":{"rendered":"https:\/\/napolicitycenter.com\/?page_id=1015"},"modified":"2022-03-28T15:58:52","modified_gmt":"2022-03-28T15:58:52","slug":"about-us","status":"publish","type":"page","link":"https:\/\/napolicitycenter.com\/en\/about-us\/","title":{"rendered":"About us"},"content":{"rendered":"\t\t<div data-elementor-type=\"wp-page\" data-elementor-id=\"1015\" class=\"elementor elementor-1015 elementor-1014\" data-elementor-post-type=\"page\">\n\t\t\t\t\t\t<section class=\"elementor-section elementor-top-section elementor-element elementor-element-078c2d0 elementor-section-boxed elementor-section-height-default elementor-section-height-default exad-glass-effect-no exad-sticky-section-no\" data-id=\"078c2d0\" data-element_type=\"section\">\n\t\t\t\t\t\t<div class=\"elementor-container elementor-column-gap-default\">\n\t\t\t\t\t<div class=\"elementor-column elementor-col-100 elementor-top-column elementor-element elementor-element-25e1a57 exad-glass-effect-no exad-sticky-section-no\" data-id=\"25e1a57\" data-element_type=\"column\">\n\t\t\t<div class=\"elementor-widget-wrap elementor-element-populated\">\n\t\t\t\t\t\t<div class=\"elementor-element elementor-element-fa17882 exad-sticky-section-no exad-glass-effect-no elementor-widget elementor-widget-heading\" data-id=\"fa17882\" data-element_type=\"widget\" data-widget_type=\"heading.default\">\n\t\t\t\t<div class=\"elementor-widget-container\">\n\t\t\t<style>\/*! elementor - v3.20.0 - 11-03-2024 *\/\n.elementor-heading-title{padding:0;margin:0;line-height:1}.elementor-widget-heading .elementor-heading-title[class*=elementor-size-]>a{color:inherit;font-size:inherit;line-height:inherit}.elementor-widget-heading .elementor-heading-title.elementor-size-small{font-size:15px}.elementor-widget-heading .elementor-heading-title.elementor-size-medium{font-size:19px}.elementor-widget-heading .elementor-heading-title.elementor-size-large{font-size:29px}.elementor-widget-heading .elementor-heading-title.elementor-size-xl{font-size:39px}.elementor-widget-heading .elementor-heading-title.elementor-size-xxl{font-size:59px}<\/style><h2 class=\"elementor-heading-title elementor-size-default\">Privacy & Cookie Policy<\/h2>\t\t<\/div>\n\t\t\t\t<\/div>\n\t\t\t\t\t<\/div>\n\t\t<\/div>\n\t\t\t\t\t<\/div>\n\t\t<\/section>\n\t\t\t\t<section class=\"elementor-section elementor-top-section elementor-element elementor-element-8da45cd elementor-section-full_width elementor-section-height-default elementor-section-height-default exad-glass-effect-no exad-sticky-section-no\" data-id=\"8da45cd\" data-element_type=\"section\">\n\t\t\t\t\t\t<div class=\"elementor-container elementor-column-gap-default\">\n\t\t\t\t\t<div class=\"elementor-column elementor-col-100 elementor-top-column elementor-element elementor-element-d17be62 exad-glass-effect-no exad-sticky-section-no\" data-id=\"d17be62\" data-element_type=\"column\" data-settings=\"{&quot;background_background&quot;:&quot;slideshow&quot;,&quot;background_slideshow_gallery&quot;:[{&quot;id&quot;:23,&quot;url&quot;:&quot;https:\\\/\\\/napolicitycenter.com\\\/wp-content\\\/uploads\\\/2022\\\/02\\\/296251960.jpg&quot;}],&quot;background_slideshow_slide_duration&quot;:4000,&quot;background_slideshow_loop&quot;:&quot;yes&quot;,&quot;background_slideshow_slide_transition&quot;:&quot;fade&quot;,&quot;background_slideshow_transition_duration&quot;:500}\">\n\t\t\t<div class=\"elementor-widget-wrap elementor-element-populated\">\n\t\t\t\t\t\t<div class=\"elementor-element elementor-element-76c2874 elementor--h-position-center elementor--v-position-middle exad-sticky-section-no exad-glass-effect-no elementor-widget elementor-widget-slides\" data-id=\"76c2874\" data-element_type=\"widget\" data-settings=\"{&quot;navigation&quot;:&quot;none&quot;,&quot;autoplay&quot;:&quot;yes&quot;,&quot;autoplay_speed&quot;:5000,&quot;infinite&quot;:&quot;yes&quot;,&quot;transition&quot;:&quot;slide&quot;,&quot;transition_speed&quot;:500}\" data-widget_type=\"slides.default\">\n\t\t\t\t<div class=\"elementor-widget-container\">\n\t\t\t<style>\/*! elementor-pro - v3.20.0 - 11-03-2024 *\/\n.elementor-slides .swiper-slide-bg{background-size:cover;background-position:50%;background-repeat:no-repeat;min-width:100%;min-height:100%}.elementor-slides .swiper-slide-inner{background-repeat:no-repeat;background-position:50%;position:absolute;top:0;left:0;bottom:0;right:0;padding:50px;margin:auto}.elementor-slides .swiper-slide-inner,.elementor-slides .swiper-slide-inner:hover{color:#fff;display:flex}.elementor-slides .swiper-slide-inner .elementor-background-overlay{position:absolute;z-index:0;top:0;bottom:0;left:0;right:0}.elementor-slides .swiper-slide-inner .elementor-slide-content{position:relative;z-index:1;width:100%}.elementor-slides .swiper-slide-inner .elementor-slide-heading{font-size:35px;font-weight:700;line-height:1}.elementor-slides .swiper-slide-inner .elementor-slide-description{font-size:17px;line-height:1.4}.elementor-slides .swiper-slide-inner .elementor-slide-description:not(:last-child),.elementor-slides .swiper-slide-inner .elementor-slide-heading:not(:last-child){margin-bottom:30px}.elementor-slides .swiper-slide-inner .elementor-slide-button{border:2px solid #fff;color:#fff;background:transparent;display:inline-block}.elementor-slides .swiper-slide-inner .elementor-slide-button,.elementor-slides .swiper-slide-inner .elementor-slide-button:hover{background:transparent;color:inherit;text-decoration:none}.elementor--v-position-top .swiper-slide-inner{align-items:flex-start}.elementor--v-position-bottom .swiper-slide-inner{align-items:flex-end}.elementor--v-position-middle .swiper-slide-inner{align-items:center}.elementor--h-position-left .swiper-slide-inner{justify-content:flex-start}.elementor--h-position-right .swiper-slide-inner{justify-content:flex-end}.elementor--h-position-center .swiper-slide-inner{justify-content:center}body.rtl .elementor-widget-slides .elementor-swiper-button-next{left:10px;right:auto}body.rtl .elementor-widget-slides .elementor-swiper-button-prev{right:10px;left:auto}.elementor-slides-wrapper div:not(.swiper-slide)>.swiper-slide-inner{display:none}@media (max-width:767px){.elementor-slides .swiper-slide-inner{padding:30px}.elementor-slides .swiper-slide-inner .elementor-slide-heading{font-size:23px;line-height:1;margin-bottom:15px}.elementor-slides .swiper-slide-inner .elementor-slide-description{font-size:13px;line-height:1.4;margin-bottom:15px}}<\/style>\t\t<div class=\"elementor-swiper\">\n\t\t\t<div class=\"elementor-slides-wrapper elementor-main-swiper swiper\" dir=\"ltr\" data-animation=\"\">\n\t\t\t\t<div class=\"swiper-wrapper elementor-slides\">\n\t\t\t\t\t\t\t\t\t\t<div class=\"elementor-repeater-item-02ac68d swiper-slide\"><div class=\"swiper-slide-bg\" role=\"img\"><\/div><div class=\"swiper-slide-inner\" ><div class=\"swiper-slide-contents\"><div class=\"elementor-slide-heading\">About us<\/div><div class=\"elementor-slide-description\">Read the reviews of our guests!<\/div><\/div><\/div><\/div>\t\t\t\t<\/div>\n\t\t\t\t\t\t\t<\/div>\n\t\t<\/div>\n\t\t\t\t<\/div>\n\t\t\t\t<\/div>\n\t\t\t\t\t<\/div>\n\t\t<\/div>\n\t\t\t\t\t<\/div>\n\t\t<\/section>\n\t\t\t\t<section class=\"elementor-section elementor-top-section elementor-element elementor-element-354f7de elementor-section-boxed elementor-section-height-default elementor-section-height-default exad-glass-effect-no exad-sticky-section-no\" data-id=\"354f7de\" data-element_type=\"section\">\n\t\t\t\t\t\t<div class=\"elementor-container elementor-column-gap-default\">\n\t\t\t\t\t<div class=\"elementor-column elementor-col-100 elementor-top-column elementor-element elementor-element-bd3c6fa exad-glass-effect-no exad-sticky-section-no\" data-id=\"bd3c6fa\" data-element_type=\"column\">\n\t\t\t<div class=\"elementor-widget-wrap elementor-element-populated\">\n\t\t\t\t\t\t<div class=\"elementor-element elementor-element-997d81b exad-sticky-section-no exad-glass-effect-no elementor-widget elementor-widget-text-editor\" data-id=\"997d81b\" data-element_type=\"widget\" data-widget_type=\"text-editor.default\">\n\t\t\t\t<div class=\"elementor-widget-container\">\n\t\t\t<style>\/*! elementor - v3.20.0 - 11-03-2024 *\/\n.elementor-widget-text-editor.elementor-drop-cap-view-stacked .elementor-drop-cap{background-color:#69727d;color:#fff}.elementor-widget-text-editor.elementor-drop-cap-view-framed .elementor-drop-cap{color:#69727d;border:3px solid;background-color:transparent}.elementor-widget-text-editor:not(.elementor-drop-cap-view-default) .elementor-drop-cap{margin-top:8px}.elementor-widget-text-editor:not(.elementor-drop-cap-view-default) .elementor-drop-cap-letter{width:1em;height:1em}.elementor-widget-text-editor .elementor-drop-cap{float:left;text-align:center;line-height:1;font-size:50px}.elementor-widget-text-editor .elementor-drop-cap-letter{display:inline-block}<\/style>\t\t\t\t<div class=\"ti-widget ti-book\" data-layout-id=\"16\" data-set-id=\"light-background\" data-pid=\"\" data-review-target-width=\"300\" data-language=\"it\" > <div class=\"ti-widget-container ti-col-3\"> <div class=\"ti-reviews-container\"> <div class=\"ti-reviews-container-wrapper\">  <div data-empty=\"0\" class=\"ti-review-item source-Booking\" > <div class=\"ti-inner\"> <div class=\"ti-review-header\"> <div class=\"ti-profile-img\"> <img decoding=\"async\" src=\"https:\/\/cf.bstatic.com\/static\/img\/review\/avatars\/ava-j\/f69a0f45af414641ac0371c1f139c49637969c6c.png\" alt=\"Justyna\" \/> <\/div> <div class=\"ti-profile-details\"> <div class=\"ti-name\"> Justyna <\/div> <div class=\"ti-date\">2022-04-04<\/div> <\/div> <\/div> <span class=\"ti-stars\"><div class=\"ti-rating-box\">10<\/div><span class=\"ti-verified-review\"><span class=\"ti-verified-tooltip\">Verificata<\/span><\/span><\/span> <div class=\"ti-review-text-container ti-review-content\"><!-- R-CONTENT --><strong>lovely apartment, good furnished, everything you need. Really good location.<\/strong>\n\u263a central location, spacious, well equipped, clean, comfortable<!-- R-CONTENT --><\/div> <span class=\"ti-read-more\" data-container=\".ti-review-content\" data-collapse-text=\"Nascondere\" data-open-text=\"Leggi di pi\u00f9\" ><\/span> <\/div> <\/div>  <div data-empty=\"0\" class=\"ti-review-item source-Booking\" > <div class=\"ti-inner\"> <div class=\"ti-review-header\"> <div class=\"ti-profile-img\"> <img decoding=\"async\" src=\"https:\/\/lh5.googleusercontent.com\/-mnd4MRxM-1I\/AAAAAAAAAAI\/AAAAAAAAAAA\/AMZuuckhpCCkwbTwze3y0udCvaZe2CFTlA\/s96-c\/photo.jpg\" alt=\"Jacques\" \/> <\/div> <div class=\"ti-profile-details\"> <div class=\"ti-name\"> Jacques <\/div> <div class=\"ti-date\">2022-04-03<\/div> <\/div> <\/div> <span class=\"ti-stars\"><div class=\"ti-rating-box\">8,0<\/div><span class=\"ti-verified-review\"><span class=\"ti-verified-tooltip\">Verificata<\/span><\/span><\/span> <div class=\"ti-review-text-container ti-review-content\"><!-- R-CONTENT --><strong>bon s\u00e9jour en plein centre ville<\/strong>\n\u263ale propri\u00e9taire et son fils sont tr\u00e8s sympathiques, ils nous ont accueillis sur place et ont tout expliqu\u00e9s (le fils parle bien anglais): acc\u00e8s par les deux portails de l\u00b4immeuble avec digicode &#8211; ferm\u00e9s le soir et le week-end, utilisation de l\u00b4ascenseur avec badge pour acc\u00e9der au 8e \u00e9tage, \u00e0 l\u00b4\u00e9tage une porte automatique (ouverte 24h\/24) pour acc\u00e9der au couloir de trois appartements et au fond avec une porte suppl\u00e9mentaire (cl\u00e9 digitale ou code), qui acc\u00e8de au couloir, partag\u00e9e par les deux chambres.\nl`h\u00f4tes toujours aux petits soins, pendant notre s\u00e9jour aussi contact facile par whatsapp.\nbelle petite chambre tr\u00e8s correcte avec joli salle de bain et balcon &#8211; vue aper\u00e7u mer &#8211; au centre de Naples\n\n\u2639les chambres et appartements se trouvent dans un immeuble au 8e \u00e9tage avec un seul ascenseur avec badge ( (pour 14 \u00e9tages et avec attende si il y a du monde), \u00e0 l\u00b4\u00e9tage une porte automatique (ouverte 24h\/24) pour acc\u00e9der au couloir de trois appartements et au fond avec une porte suppl\u00e9mentaire (cl\u00e9 digitale ou code), qui acc\u00e8de au couloir, partag\u00e9e par les deux chambres, l`insonorisation entre la chambre et le couloir, sonnette qui fonctionne \u00e0 chaque ouverture de portails en bas d\u00b4immeuble par digicode, pas de chaises ni table sur le balcon, le petit d\u00e9jeuner est un peut juste (une boisson chaude et une viennoiserie)  dans caf\u00e9 du coin de l\u00b4immeuble avec une \u00e9quipe tr\u00e8s sympa!<!-- R-CONTENT --><\/div> <span class=\"ti-read-more\" data-container=\".ti-review-content\" data-collapse-text=\"Nascondere\" data-open-text=\"Leggi di pi\u00f9\" ><\/span> <\/div> <\/div>  <div data-empty=\"0\" class=\"ti-review-item source-Booking\" > <div class=\"ti-inner\"> <div class=\"ti-review-header\"> <div class=\"ti-profile-img\"> <img decoding=\"async\" src=\"https:\/\/cf.bstatic.com\/static\/img\/review\/avatars\/ava-l\/c9a51000ce90cbf81dcc81b847f9bccc3330d3a4.png\" alt=\"Lucrecia\" \/> <\/div> <div class=\"ti-profile-details\"> <div class=\"ti-name\"> Lucrecia <\/div> <div class=\"ti-date\">2022-04-02<\/div> <\/div> <\/div> <span class=\"ti-stars\"><div class=\"ti-rating-box\">10<\/div><span class=\"ti-verified-review\"><span class=\"ti-verified-tooltip\">Verificata<\/span><\/span><\/span> <div class=\"ti-review-text-container ti-review-content\"><!-- R-CONTENT --><strong>Exceptional<\/strong><!-- R-CONTENT --><\/div> <span class=\"ti-read-more\" data-container=\".ti-review-content\" data-collapse-text=\"Nascondere\" data-open-text=\"Leggi di pi\u00f9\" ><\/span> <\/div> <\/div>  <div data-empty=\"0\" class=\"ti-review-item source-Booking\" > <div class=\"ti-inner\"> <div class=\"ti-review-header\"> <div class=\"ti-profile-img\"> <img decoding=\"async\" src=\"https:\/\/cf.bstatic.com\/static\/img\/review\/avatars\/ava-s\/d321d61d78a8fa310843e1967dca38e6276b92aa.png\" alt=\"Sylwia\" \/> <\/div> <div class=\"ti-profile-details\"> <div class=\"ti-name\"> Sylwia <\/div> <div class=\"ti-date\">2022-04-01<\/div> <\/div> <\/div> <span class=\"ti-stars\"><div class=\"ti-rating-box\">10<\/div><span class=\"ti-verified-review\"><span class=\"ti-verified-tooltip\">Verificata<\/span><\/span><\/span> <div class=\"ti-review-text-container ti-review-content\"><!-- R-CONTENT --><strong>Great appartement<\/strong>\n\u263a Very good room service, excellent accomodation conditions and great location. There was very quiet and near to the most important places in the city. Higly recommended!\n\n\u2639 Breakfast was very small.<!-- R-CONTENT --><\/div> <span class=\"ti-read-more\" data-container=\".ti-review-content\" data-collapse-text=\"Nascondere\" data-open-text=\"Leggi di pi\u00f9\" ><\/span> <\/div> <\/div>  <div data-empty=\"0\" class=\"ti-review-item source-Booking\" > <div class=\"ti-inner\"> <div class=\"ti-review-header\"> <div class=\"ti-profile-img\"> <img decoding=\"async\" src=\"https:\/\/cf.bstatic.com\/static\/img\/review\/avatars\/ava-j\/f69a0f45af414641ac0371c1f139c49637969c6c.png\" alt=\"Jan-erik\" \/> <\/div> <div class=\"ti-profile-details\"> <div class=\"ti-name\"> Jan-erik <\/div> <div class=\"ti-date\">2022-03-30<\/div> <\/div> <\/div> <span class=\"ti-stars\"><div class=\"ti-rating-box\">9,0<\/div><span class=\"ti-verified-review\"><span class=\"ti-verified-tooltip\">Verificata<\/span><\/span><\/span> <div class=\"ti-review-text-container ti-review-content\"><!-- R-CONTENT --><strong>Great deal for central location in neapel. Super host.<\/strong>\n\u263aSehr netter pers\u00f6nlicher Empfang. Sehr guter Service. Super host. \nZimmer war sehr sauber, Zimmergr\u00f6\u00dfe f\u00fcr die sehr zentrale Lage und den Preis gut. Kein Ausblick. \nFr\u00fchst\u00fcck in einem Caf\u00e9 direkt um die Ecke, ebenfalls sehr gut. \nParkhaus direkt neben dem Eingang. Einfache Anreise mit dem Auto, wenn man plant mit dem Auto zu reisen.  Supermarket ebenfalls im gleichen Geb\u00e4ude sehr praktisch.\n\n\u2639Nichts.<!-- R-CONTENT --><\/div> <span class=\"ti-read-more\" data-container=\".ti-review-content\" data-collapse-text=\"Nascondere\" data-open-text=\"Leggi di pi\u00f9\" ><\/span> <\/div> <\/div>  <div data-empty=\"0\" class=\"ti-review-item source-Booking\" > <div class=\"ti-inner\"> <div class=\"ti-review-header\"> <div class=\"ti-profile-img\"> <img decoding=\"async\" src=\"https:\/\/cf.bstatic.com\/static\/img\/review\/avatars\/ava-d\/bebbb1d5ff29328157080e4e2e5d15a29c5aa34a.png\" alt=\"Danilo\" \/> <\/div> <div class=\"ti-profile-details\"> <div class=\"ti-name\"> Danilo <\/div> <div class=\"ti-date\">2022-03-30<\/div> <\/div> <\/div> <span class=\"ti-stars\"><div class=\"ti-rating-box\">10<\/div><span class=\"ti-verified-review\"><span class=\"ti-verified-tooltip\">Verificata<\/span><\/span><\/span> <div class=\"ti-review-text-container ti-review-content\"><!-- R-CONTENT --><strong>Appartamento perfetto nel cuore di Napoli<\/strong>\n\u263aPosizione comodissima tra piazza Municipio e Via Toledo, a pochi passi dalla fermata della metro. Appartamento pulito e moderno, buona insonorizzazione e climatizzazione.  Gennaro \u00e8 una persona gentile e premurosa, molto disponibile. Sempre presente ma discreto, ci ha permesso di effettuare sia early check-in che late check-out. Letti comodi, dotazioni della cucina oltre le aspettative. \nConsigliato.<!-- R-CONTENT --><\/div> <span class=\"ti-read-more\" data-container=\".ti-review-content\" data-collapse-text=\"Nascondere\" data-open-text=\"Leggi di pi\u00f9\" ><\/span> <\/div> <\/div>  <div data-empty=\"0\" class=\"ti-review-item source-Booking\" > <div class=\"ti-inner\"> <div class=\"ti-review-header\"> <div class=\"ti-profile-img\"> <img decoding=\"async\" src=\"https:\/\/graph.facebook.com\/v2.9\/10158888823473271\/picture?type=square&#038;height=64&#038;width=64\" alt=\"Doris\" \/> <\/div> <div class=\"ti-profile-details\"> <div class=\"ti-name\"> Doris <\/div> <div class=\"ti-date\">2022-03-30<\/div> <\/div> <\/div> <span class=\"ti-stars\"><div class=\"ti-rating-box\">9,0<\/div><span class=\"ti-verified-review\"><span class=\"ti-verified-tooltip\">Verificata<\/span><\/span><\/span> <div class=\"ti-review-text-container ti-review-content\"><!-- R-CONTENT --><strong>Awesome<\/strong><!-- R-CONTENT --><\/div> <span class=\"ti-read-more\" data-container=\".ti-review-content\" data-collapse-text=\"Nascondere\" data-open-text=\"Leggi di pi\u00f9\" ><\/span> <\/div> <\/div>  <div data-empty=\"0\" class=\"ti-review-item source-Booking\" > <div class=\"ti-inner\"> <div class=\"ti-review-header\"> <div class=\"ti-profile-img\"> <img decoding=\"async\" src=\"https:\/\/graph.facebook.com\/v2.9\/1128340900587162\/picture?type=square&#038;height=64&#038;width=64\" alt=\"\u05d0\u05de\u05e0\u05d5\u05df\" \/> <\/div> <div class=\"ti-profile-details\"> <div class=\"ti-name\"> \u05d0\u05de\u05e0\u05d5\u05df <\/div> <div class=\"ti-date\">2022-03-28<\/div> <\/div> <\/div> <span class=\"ti-stars\"><div class=\"ti-rating-box\">10<\/div><span class=\"ti-verified-review\"><span class=\"ti-verified-tooltip\">Verificata<\/span><\/span><\/span> <div class=\"ti-review-text-container ti-review-content\"><!-- R-CONTENT --><strong>very good<\/strong><!-- R-CONTENT --><\/div> <span class=\"ti-read-more\" data-container=\".ti-review-content\" data-collapse-text=\"Nascondere\" data-open-text=\"Leggi di pi\u00f9\" ><\/span> <\/div> <\/div>  <div data-empty=\"0\" class=\"ti-review-item source-Booking\" > <div class=\"ti-inner\"> <div class=\"ti-review-header\"> <div class=\"ti-profile-img\"> <img decoding=\"async\" src=\"https:\/\/graph.facebook.com\/v2.9\/10207116196623473\/picture?type=square&#038;height=64&#038;width=64\" alt=\"Zden\u011bk\" \/> <\/div> <div class=\"ti-profile-details\"> <div class=\"ti-name\"> Zden\u011bk <\/div> <div class=\"ti-date\">2022-03-28<\/div> <\/div> <\/div> <span class=\"ti-stars\"><div class=\"ti-rating-box\">10<\/div><span class=\"ti-verified-review\"><span class=\"ti-verified-tooltip\">Verificata<\/span><\/span><\/span> <div class=\"ti-review-text-container ti-review-content\"><!-- R-CONTENT --><strong>Thank you for the wonderful accommodation and perfect service. Great communication with the administ<\/strong>\n\u263a Thank you for the wonderful accommodation and perfect service. Great communication with the administrator. I will definitely be back!<!-- R-CONTENT --><\/div> <span class=\"ti-read-more\" data-container=\".ti-review-content\" data-collapse-text=\"Nascondere\" data-open-text=\"Leggi di pi\u00f9\" ><\/span> <\/div> <\/div>  <div data-empty=\"0\" class=\"ti-review-item source-Booking\" > <div class=\"ti-inner\"> <div class=\"ti-review-header\"> <div class=\"ti-profile-img\"> <img decoding=\"async\" src=\"https:\/\/lh3.googleusercontent.com\/a-\/AOh14GhPtaWAm5iZViv9VCGyVmsOw9htP0tYQnwlNdP91Q=s96-c\" alt=\"Lisa\" \/> <\/div> <div class=\"ti-profile-details\"> <div class=\"ti-name\"> Lisa <\/div> <div class=\"ti-date\">2022-03-28<\/div> <\/div> <\/div> <span class=\"ti-stars\"><div class=\"ti-rating-box\">10<\/div><span class=\"ti-verified-review\"><span class=\"ti-verified-tooltip\">Verificata<\/span><\/span><\/span> <div class=\"ti-review-text-container ti-review-content\"><!-- R-CONTENT --><strong>Exceptional<\/strong><!-- R-CONTENT --><\/div> <span class=\"ti-read-more\" data-container=\".ti-review-content\" data-collapse-text=\"Nascondere\" data-open-text=\"Leggi di pi\u00f9\" ><\/span> <\/div> <\/div>  <\/div> <div class=\"ti-load-more-reviews-container\"> <div class=\"ti-load-more-reviews-button\" style=\"display: none\">Carica di pi\u00f9<\/div> <\/div> <\/div> <div class=\"ti-footer\"> <div class=\"ti-rating-text\"> <span class=\"nowrap\">Valutazione complessiva <strong>Booking<\/strong> <\/span><span class=\"nowrap\"><strong>9.7<\/strong> su 10, <\/span><span class=\"nowrap\">in base a <strong>281 recensioni<\/strong><\/span> <\/div> <\/div>  <\/div> <\/div>\t\t\t\t\t\t<\/div>\n\t\t\t\t<\/div>\n\t\t\t\t\t<\/div>\n\t\t<\/div>\n\t\t\t\t\t<\/div>\n\t\t<\/section>\n\t\t\t\t<\/div>\n\t\t","protected":false},"excerpt":{"rendered":"<p>Privacy &#038; Cookie Policy About usRead the reviews of our guests!<\/p>\n","protected":false},"author":1,"featured_media":0,"parent":0,"menu_order":0,"comment_status":"closed","ping_status":"closed","template":"","meta":{"footnotes":""},"categories":[],"tags":[],"aioseo_notices":[],"_links":{"self":[{"href":"https:\/\/napolicitycenter.com\/en\/wp-json\/wp\/v2\/pages\/1015"}],"collection":[{"href":"https:\/\/napolicitycenter.com\/en\/wp-json\/wp\/v2\/pages"}],"about":[{"href":"https:\/\/napolicitycenter.com\/en\/wp-json\/wp\/v2\/types\/page"}],"author":[{"embeddable":true,"href":"https:\/\/napolicitycenter.com\/en\/wp-json\/wp\/v2\/users\/1"}],"replies":[{"embeddable":true,"href":"https:\/\/napolicitycenter.com\/en\/wp-json\/wp\/v2\/comments?post=1015"}],"version-history":[{"count":7,"href":"https:\/\/napolicitycenter.com\/en\/wp-json\/wp\/v2\/pages\/1015\/revisions"}],"predecessor-version":[{"id":1038,"href":"https:\/\/napolicitycenter.com\/en\/wp-json\/wp\/v2\/pages\/1015\/revisions\/1038"}],"wp:attachment":[{"href":"https:\/\/napolicitycenter.com\/en\/wp-json\/wp\/v2\/media?parent=1015"}],"wp:term":[{"taxonomy":"category","embeddable":true,"href":"https:\/\/napolicitycenter.com\/en\/wp-json\/wp\/v2\/categories?post=1015"},{"taxonomy":"post_tag","embeddable":true,"href":"https:\/\/napolicitycenter.com\/en\/wp-json\/wp\/v2\/tags?post=1015"}],"curies":[{"name":"wp","href":"https:\/\/api.w.org\/{rel}","templated":true}]}}